{"id":514,"date":"2025-11-22T17:39:44","date_gmt":"2025-11-22T17:39:44","guid":{"rendered":"https:\/\/gaestehaus-maeder.com\/?page_id=514"},"modified":"2025-11-22T17:49:40","modified_gmt":"2025-11-22T17:49:40","slug":"hausordnung","status":"publish","type":"page","link":"https:\/\/gaestehaus-maeder.com\/?page_id=514","title":{"rendered":"Hausordnung"},"content":{"rendered":"<div class=\"\" style=\"\" >\n    \n    <section class=\"u-clearfix u-palette-2-light-3 u-section-2\" id=\"sec-dc7e\">\n      <div class=\"u-clearfix u-sheet u-sheet-1\">\n        <div class=\"data-layout-selected u-clearfix u-expanded-width u-layout-wrap u-layout-wrap-1\">\n          <div class=\"u-layout\" style=\"\">\n            <div class=\"u-layout-row\" style=\"\">\n              <div class=\"u-container-style u-layout-cell u-size-5 u-layout-cell-1\">\n                <div class=\"u-container-layout u-container-layout-1\"><\/div>\n              <\/div>\n              <div class=\"u-container-style u-layout-cell u-size-55 u-layout-cell-2\">\n                <div class=\"u-container-layout u-valign-bottom u-container-layout-2\">\n                  <h2 class=\"u-align-center u-text u-text-default u-text-1\">Hausordnung G\u00e4stehaus M\u00e4der<\/h2>\n                  <p class=\"u-text u-text-default u-text-2\">Wir m\u00f6chten allen G\u00e4sten einen angenehmen, entspannten und sicheren Aufenthalt erm\u00f6glichen. <br>Bitte beachten Sie daher die folgenden Regeln. Mit Ihrer Buchung erkennen Sie diese Hausordnung an. <br>\n                    <br><span style=\"font-weight: 700;\">1. Rauchen <\/span>\n                    <br>\n                    <br>Rauchen ist in allen Innenr\u00e4umen strikt untersagt. <br>Auf dem Balkon und im Au\u00dfenbereich darf geraucht werden \u2013 bitte verwenden Sie Aschenbecher und vermeiden Sie Geruchsbel\u00e4stigungen. <br>Bei Versto\u00df werden Reinigungs- und L\u00fcftungskosten in Rechnung gestellt. <br>Bei wiederholtem Rauchen in der Wohnung kann der Aufenthalt ohne Erstattung sofort beendet werden. <br>\n                    <br><span style=\"font-weight: 700;\">2. Ruhezeiten <\/span>\n                    <br>\n                    <br>Von 22:00 bis 7:00 Uhr gilt Nachtruhe. <br>In dieser Zeit sind laute Gespr\u00e4che, Musik und sonstige St\u00f6rungen zu vermeiden. <br>Bei wiederholten Ruhest\u00f6rungen behalten wir uns das Recht vor, den Aufenthalt mit sofortiger Wirkung zu beenden. <br>\n                    <br><span style=\"font-weight: 700;\">3.&nbsp; Ordnung &amp; Sicherheit <\/span>\n                    <br>\n                    <br>Bitte behandeln Sie die Wohnung und das Inventar pfleglich. <br>Sch\u00e4den sind unverz\u00fcglich zu melden. <br>Nicht gemeldete Sch\u00e4den k\u00f6nnen nachtr\u00e4glich berechnet werden. <br>Offenes Feuer, stark riechendes Kochen und das Lagern gro\u00dfer Mengen brennbarer Stoffe sind nicht erlaubt. <br>\n                    <br><span style=\"font-weight: 700;\">4. Besucher <\/span>\n                    <br>\n                    <br>Besucher sind nur nach vorheriger Absprache erlaubt. <br>\u00dcbernachtungen von nicht angemeldeten Personen sind nicht gestattet. <br>\n                    <br><span style=\"font-weight: 700;\">5. Sofortige Beendigung des Aufenthalts <\/span>\n                    <br>\n                    <br>Der Vermieter \u00fcbt in allen Bereichen des G\u00e4stehauses das Hausrecht aus. <br>Bei schweren oder wiederholten Verst\u00f6\u00dfen gegen die Hausordnung kann der Aufenthalt jederzeit mit sofortiger Wirkung beendet werden. <br>Eine R\u00fcckerstattung des Mietpreises erfolgt in diesem Fall nicht. <br>\n                    <br><span style=\"font-weight: 700;\">6. Rechtlicher Hinweis <\/span>\n                    <br>\n                    <br>Bei Ihrem Aufenthalt handelt es sich um einen Beherbergungsvertrag (wie im Hotel), nicht um ein Mietverh\u00e4ltnis im Sinne des BGB. <br>Daher gelten f\u00fcr St\u00f6rungen, Fehlverhalten oder Verst\u00f6\u00dfe gegen die Hausordnung keine K\u00fcndigungsfristen \u2013 der Vermieter darf den Aufenthalt sofort beenden und den Gast zum Verlassen der Unterkunft auffordern. <br>\n                    <br><span style=\"font-weight: 700;\">7. Notf\u00e4lle \/ Polizei <\/span>\n                    <br>\n                    <br>Bei Weigerung, die Wohnung nach einer K\u00fcndigung zu verlassen, kann der Vermieter die Polizei wegen Hausfriedensbruch hinzuziehen.\n                  <\/p>\n                  <img decoding=\"async\" class=\"u-image u-image-contain u-image-default u-image-1\" src=\"https:\/\/gaestehaus-maeder.com\/wp-content\/uploads\/2023\/08\/schnoerkel.png\" alt=\"\" data-image-width=\"680\" data-image-height=\"80\">\n                <\/div>\n              <\/div>\n            <\/div>\n          <\/div>\n        <\/div>\n      <\/div>\n    <\/section>\n    \n    \n    \n    \n    \n    \n    \n    \n    \n  \n<\/div>","protected":false},"excerpt":{"rendered":"<p>Hausordnung G\u00e4stehaus M\u00e4der Wir m\u00f6chten allen G\u00e4sten einen angenehmen, entspannten und sicheren Aufenthalt erm\u00f6glichen. Bitte beachten Sie daher die folgenden Regeln. Mit Ihrer Buchung erkennen Sie diese Hausordnung an. 1. Rauchen Rauchen ist in allen Innenr\u00e4umen strikt untersagt. Auf dem Balkon und im Au\u00dfenbereich darf geraucht werden \u2013 bitte verwenden Sie Aschenbecher und vermeiden Sie&hellip; <a class=\"more-link\" href=\"https:\/\/gaestehaus-maeder.com\/?page_id=514\"><span class=\"screen-reader-text\">Hausordnung<\/span> weiterlesen<\/a><\/p>\n","protected":false},"author":2,"featured_media":0,"parent":0,"menu_order":3,"comment_status":"closed","ping_status":"closed","template":"","meta":{"footnotes":""},"class_list":["post-514","page","type-page","status-publish","hentry","entry"],"_links":{"self":[{"href":"https:\/\/gaestehaus-maeder.com\/index.php?rest_route=\/wp\/v2\/pages\/514","targetHints":{"allow":["GET"]}}],"collection":[{"href":"https:\/\/gaestehaus-maeder.com\/index.php?rest_route=\/wp\/v2\/pages"}],"about":[{"href":"https:\/\/gaestehaus-maeder.com\/index.php?rest_route=\/wp\/v2\/types\/page"}],"author":[{"embeddable":true,"href":"https:\/\/gaestehaus-maeder.com\/index.php?rest_route=\/wp\/v2\/users\/2"}],"replies":[{"embeddable":true,"href":"https:\/\/gaestehaus-maeder.com\/index.php?rest_route=%2Fwp%2Fv2%2Fcomments&post=514"}],"version-history":[{"count":5,"href":"https:\/\/gaestehaus-maeder.com\/index.php?rest_route=\/wp\/v2\/pages\/514\/revisions"}],"predecessor-version":[{"id":520,"href":"https:\/\/gaestehaus-maeder.com\/index.php?rest_route=\/wp\/v2\/pages\/514\/revisions\/520"}],"wp:attachment":[{"href":"https:\/\/gaestehaus-maeder.com\/index.php?rest_route=%2Fwp%2Fv2%2Fmedia&parent=514"}],"curies":[{"name":"wp","href":"https:\/\/api.w.org\/{rel}","templated":true}]}}