{"id":490,"date":"2025-06-20T16:10:22","date_gmt":"2025-06-20T16:10:22","guid":{"rendered":"https:\/\/gaestehaus-maeder.com\/?page_id=490"},"modified":"2025-06-20T20:08:12","modified_gmt":"2025-06-20T20:08:12","slug":"kontakt","status":"publish","type":"page","link":"https:\/\/gaestehaus-maeder.com\/?page_id=490","title":{"rendered":"Kontakt"},"content":{"rendered":"<div class=\"\" style=\"\" >\n    \n    <section class=\"u-clearfix u-palette-5-light-3 u-section-2\" id=\"sec-499c\">\n      <div class=\"u-clearfix u-sheet u-sheet-1\">\n        <div class=\"data-layout-selected u-clearfix u-expanded-width-sm u-expanded-width-xs u-gutter-10 u-layout-wrap u-layout-wrap-1\">\n          <div class=\"u-gutter-0 u-layout\" style=\"\">\n            <div class=\"u-layout-row\" style=\"\">\n              <div class=\"u-size-30\" style=\"\">\n                <div class=\"u-layout-col\" style=\"\">\n                  <div class=\"u-align-left u-container-align-left-lg u-container-align-left-xl u-container-style u-layout-cell u-size-60 u-layout-cell-1\">\n                    <div class=\"u-container-layout u-container-layout-1\">\n                      <h2 class=\"u-align-center u-custom-font u-font-georgia u-text u-text-1\">KONTAKT<\/h2>\n                      <img decoding=\"async\" class=\"u-expanded-width-sm u-image u-image-contain u-image-default u-image-1\" src=\"https:\/\/gaestehaus-maeder.com\/wp-content\/uploads\/2023\/08\/schnoerkel.png\" alt=\"\" data-image-width=\"680\" data-image-height=\"80\">\n                      <p class=\"u-text u-text-2\"> Nehmen Sie Kontakt zu unserem G\u00e4stehaus in Bad D\u00fcrrheim auf! Haben Sie \nFragen rund um unser G\u00e4stehaus M\u00e4der und unsere Einzel- oder Doppelzimmer in Bad D\u00fcrrheim?<br>\n                        <br>Unser Kontaktformular:<br>\n                        <br>\n                      <\/p>\n                      <div class=\"fr-view u-clearfix u-rich-text u-text u-text-3\">\n                        <h1 id=\"isPasted\"><style id=\"wpforms-css-vars-472\">\n\t\t\t\t#wpforms-472 {\n\t\t\t\t\n\t\t\t}\n\t\t\t<\/style><div class=\"wpforms-container wpforms-container-full wpforms-render-modern\" id=\"wpforms-472\"><form id=\"wpforms-form-472\" class=\"wpforms-validate wpforms-form wpforms-ajax-form\" data-formid=\"472\" method=\"post\" enctype=\"multipart\/form-data\" action=\"\/index.php?rest_route=%2Fwp%2Fv2%2Fpages%2F490\" data-token=\"b33238153dd016eca83b28bc0e72450b\" data-token-time=\"1776527477\"><noscript class=\"wpforms-error-noscript\">Bitte aktiviere JavaScript in deinem Browser, um dieses Formular fertigzustellen.<\/noscript><div id=\"wpforms-error-noscript\" style=\"display: none;\">Bitte aktiviere JavaScript in deinem Browser, um dieses Formular fertigzustellen.<\/div><div class=\"wpforms-field-container\"><div id=\"wpforms-472-field_1-container\" class=\"wpforms-field wpforms-field-name wpforms-one-half wpforms-first\" data-field-id=\"1\"><label class=\"wpforms-field-label\" for=\"wpforms-472-field_1\">Name <span class=\"wpforms-required-label\" aria-hidden=\"true\">*<\/span><\/label><input type=\"text\" id=\"wpforms-472-field_1\" class=\"wpforms-field-medium wpforms-field-required\" name=\"wpforms[fields][1]\" aria-errormessage=\"wpforms-472-field_1-error\" required><\/div>\t\t<div id=\"wpforms-472-field_4-container\"\n\t\t\tclass=\"wpforms-field wpforms-field-text\"\n\t\t\tdata-field-type=\"text\"\n\t\t\tdata-field-id=\"4\"\n\t\t\t>\n\t\t\t<label class=\"wpforms-field-label\" for=\"wpforms-472-field_4\" >Nachricht Telefon Kommentar<\/label>\n\t\t\t<input type=\"text\" id=\"wpforms-472-field_4\" class=\"wpforms-field-medium\" name=\"wpforms[fields][4]\" >\n\t\t<\/div>\n\t\t<div id=\"wpforms-472-field_2-container\" class=\"wpforms-field wpforms-field-email wpforms-one-half wpforms-first\" data-field-id=\"2\"><label class=\"wpforms-field-label\" for=\"wpforms-472-field_2\">E-Mail-Adresse <span class=\"wpforms-required-label\" aria-hidden=\"true\">*<\/span><\/label><input type=\"email\" id=\"wpforms-472-field_2\" class=\"wpforms-field-medium wpforms-field-required\" name=\"wpforms[fields][2]\" spellcheck=\"false\" aria-errormessage=\"wpforms-472-field_2-error\" required><\/div><div id=\"wpforms-472-field_6-container\" class=\"wpforms-field wpforms-field-name wpforms-one-half wpforms-first\" data-field-id=\"6\"><label class=\"wpforms-field-label\" for=\"wpforms-472-field_6\">Telefon<\/label><input type=\"text\" id=\"wpforms-472-field_6\" class=\"wpforms-field-medium\" name=\"wpforms[fields][6]\" aria-errormessage=\"wpforms-472-field_6-error\" ><\/div><div id=\"wpforms-472-field_3-container\" class=\"wpforms-field wpforms-field-textarea wpforms-one-half wpforms-first\" data-field-id=\"3\"><label class=\"wpforms-field-label\" for=\"wpforms-472-field_3\">Kommentar oder Nachricht <span class=\"wpforms-required-label\" aria-hidden=\"true\">*<\/span><\/label><textarea id=\"wpforms-472-field_3\" class=\"wpforms-field-medium wpforms-field-required\" name=\"wpforms[fields][3]\" aria-errormessage=\"wpforms-472-field_3-error\" required><\/textarea><\/div><script>\n\t\t\t\t( function() {\n\t\t\t\t\tconst style = document.createElement( 'style' );\n\t\t\t\t\tstyle.appendChild( document.createTextNode( '#wpforms-472-field_4-container { position: absolute !important; overflow: hidden !important; display: inline !important; height: 1px !important; width: 1px !important; z-index: -1000 !important; padding: 0 !important; } #wpforms-472-field_4-container input { visibility: hidden; } #wpforms-conversational-form-page #wpforms-472-field_4-container label { counter-increment: none; }' ) );\n\t\t\t\t\tdocument.head.appendChild( style );\n\t\t\t\t\tdocument.currentScript?.remove();\n\t\t\t\t} )();\n\t\t\t<\/script><\/div><!-- .wpforms-field-container --><div class=\"wpforms-submit-container\" ><input type=\"hidden\" name=\"wpforms[id]\" value=\"472\"><input type=\"hidden\" name=\"page_title\" value=\"\"><input type=\"hidden\" name=\"page_url\" value=\"https:\/\/gaestehaus-maeder.com\/index.php?rest_route=\/wp\/v2\/pages\/490\"><input type=\"hidden\" name=\"url_referer\" value=\"\"><button type=\"submit\" name=\"wpforms[submit]\" id=\"wpforms-submit-472\" class=\"wpforms-submit\" data-alt-text=\"Wird gesendet\u00a0\u2026\" data-submit-text=\"Absenden\" aria-live=\"assertive\" value=\"wpforms-submit\">Absenden<\/button><img loading=\"lazy\" decoding=\"async\" src=\"https:\/\/gaestehaus-maeder.com\/wp-content\/plugins\/wpforms-lite\/assets\/images\/submit-spin.svg\" class=\"wpforms-submit-spinner\" style=\"display: none;\" width=\"26\" height=\"26\" alt=\"Wird geladen\"><\/div><\/form><\/div>  <!-- .wpforms-container --><\/h1>\n                      <\/div>\n                      <p class=\"u-text u-text-4\"> Das G\u00e4stehaus M\u00e4der ist der ideale Ausgangspunkt f\u00fcr viele Freizeitaktivit\u00e4ten rund um den Kurort Bad D\u00fcrrheim.\n Egal, ob Sie sich f\u00fcr einen Kuraufenthalt in den bekannten \nheilklimatischen Kurort begeben oder ob Sie das Sole-Heilbad im \nSchwarzwald f\u00fcr einen unvergesslichen Aktivurlaub ausgesucht haben.<br>\n                        <br><span style=\"font-weight: 700;\"> Modernes G\u00e4stehaus in Bad D\u00fcrrheim<\/span>\n                        <br>\n                        <br>Bad D\u00fcrrheim und das G\u00e4stehaus M\u00e4der hei\u00dfen Sie willkommen! Unser \nG\u00e4stehaus in Bad D\u00fcrrheim ist direkt am Kurpark gelegen und bietet mit \nmodernen Appartements und Privatzimmern eine wahre Wohlf\u00fchloase. \nWellness und Gesundheitsurlaub sowie Kuren gelingen in Bad D\u00fcrrheim! \nFreuen Sie sich auf unvergessliche Tage mit h\u00f6chstem Komfort in unserem \nG\u00e4stehaus in Bad D\u00fcrrheim. Seit 2015 ist das G\u00e4stehaus M\u00e4der \u00fcbrigens \nmit drei Sternen durch den DTV (Deutscher Tourismusverband e.V.) \nausgezeichnet und klassifiziert. Alle unsere Zimmer und Appartements \nsind geschmackvoll eingerichtet und verf\u00fcgen \u00fcber alles, was Sie \nben\u00f6tigen, um sich sofort bei uns wohl zu f\u00fchlen.<br>\n                      <\/p>\n                    <\/div>\n                  <\/div>\n                <\/div>\n              <\/div>\n              <div class=\"u-size-30\">\n                <div class=\"u-layout-col\">\n                  <div class=\"u-align-left u-container-align-left u-container-style u-layout-cell u-size-60 u-layout-cell-2\">\n                    <div class=\"u-container-layout u-container-layout-2\">\n                      <div class=\"u-expanded-width-xs u-grey-light-2 u-map u-map-1\">\n                        <div class=\"embed-responsive\">\n                          <iframe class=\"embed-responsive-item\" src=\"\/\/maps.google.com\/maps?output=embed&amp;q=G%C3%A4stehaus%20M%C3%A4der%20Luisenstrasse%2026%2078073%20Bad%20D%C3%BCrrheim&amp;z=10&amp;t=m\" data-map=\"JTdCJTIyYWRkcmVzcyUyMiUzQSUyMkclQzMlQTRzdGVoYXVzJTIwTSVDMyVBNGRlciUyMEx1aXNlbnN0cmFzc2UlMjAyNiUyMDc4MDczJTIwQmFkJTIwRCVDMyVCQ3JyaGVpbSUyMiUyQyUyMnpvb20lMjIlM0ExMCUyQyUyMnR5cGVJZCUyMiUzQSUyMnJvYWQlMjIlMkMlMjJsYW5nJTIyJTNBbnVsbCUyQyUyMmFwaUtleSUyMiUzQW51bGwlMkMlMjJtYXJrZXJzJTIyJTNBJTVCJTVEJTdE\"><\/iframe>\n                        <\/div>\n                      <\/div>\n                    <\/div>\n                  <\/div>\n                <\/div>\n              <\/div>\n            <\/div>\n          <\/div>\n        <\/div>\n        <img decoding=\"async\" class=\"u-expanded-width-sm u-expanded-width-xs u-image u-image-contain u-image-default u-image-2\" src=\"https:\/\/gaestehaus-maeder.com\/wp-content\/uploads\/2023\/08\/schnoerkel.png\" alt=\"\" data-image-width=\"680\" data-image-height=\"80\">\n      <\/div>\n    <\/section>\n    \n    \n    \n    \n    \n    \n    \n    \n    \n  \n<\/div>","protected":false},"excerpt":{"rendered":"<p>KONTAKT Nehmen Sie Kontakt zu unserem G\u00e4stehaus in Bad D\u00fcrrheim auf! Haben Sie Fragen rund um unser G\u00e4stehaus M\u00e4der und unsere Einzel- oder Doppelzimmer in Bad D\u00fcrrheim? Unser Kontaktformular: Bitte aktiviere JavaScript in deinem Browser, um dieses Formular fertigzustellen.Bitte aktiviere JavaScript in deinem Browser, um dieses Formular fertigzustellen.Name * Name Telefon E-Mail-Adresse E-Mail-Adresse *TelefonKommentar oder&hellip; <a class=\"more-link\" href=\"https:\/\/gaestehaus-maeder.com\/?page_id=490\"><span class=\"screen-reader-text\">Kontakt<\/span> weiterlesen<\/a><\/p>\n","protected":false},"author":2,"featured_media":0,"parent":0,"menu_order":11,"comment_status":"closed","ping_status":"closed","template":"","meta":{"footnotes":""},"class_list":["post-490","page","type-page","status-publish","hentry","entry"],"_links":{"self":[{"href":"https:\/\/gaestehaus-maeder.com\/index.php?rest_route=\/wp\/v2\/pages\/490","targetHints":{"allow":["GET"]}}],"collection":[{"href":"https:\/\/gaestehaus-maeder.com\/index.php?rest_route=\/wp\/v2\/pages"}],"about":[{"href":"https:\/\/gaestehaus-maeder.com\/index.php?rest_route=\/wp\/v2\/types\/page"}],"author":[{"embeddable":true,"href":"https:\/\/gaestehaus-maeder.com\/index.php?rest_route=\/wp\/v2\/users\/2"}],"replies":[{"embeddable":true,"href":"https:\/\/gaestehaus-maeder.com\/index.php?rest_route=%2Fwp%2Fv2%2Fcomments&post=490"}],"version-history":[{"count":2,"href":"https:\/\/gaestehaus-maeder.com\/index.php?rest_route=\/wp\/v2\/pages\/490\/revisions"}],"predecessor-version":[{"id":492,"href":"https:\/\/gaestehaus-maeder.com\/index.php?rest_route=\/wp\/v2\/pages\/490\/revisions\/492"}],"wp:attachment":[{"href":"https:\/\/gaestehaus-maeder.com\/index.php?rest_route=%2Fwp%2Fv2%2Fmedia&parent=490"}],"curies":[{"name":"wp","href":"https:\/\/api.w.org\/{rel}","templated":true}]}}