{"id":466,"date":"2025-06-20T16:10:13","date_gmt":"2025-06-20T16:10:13","guid":{"rendered":"https:\/\/gaestehaus-maeder.com\/?page_id=466"},"modified":"2025-06-20T16:10:13","modified_gmt":"2025-06-20T16:10:13","slug":"willkommen","status":"publish","type":"page","link":"https:\/\/gaestehaus-maeder.com\/","title":{"rendered":"Willkommen"},"content":{"rendered":"<div class=\"\" style=\"\" >\n    \n    <section class=\"u-clearfix u-palette-3-light-3 u-section-2\" id=\"sec-aeb3\">\n      <div class=\"u-clearfix u-sheet u-valign-middle-xs u-sheet-1\">\n        <div class=\"data-layout-selected u-clearfix u-expanded-width u-layout-wrap u-layout-wrap-1\">\n          <div class=\"u-layout\" style=\"\">\n            <div class=\"u-layout-row\" style=\"\">\n              <div class=\"u-container-style u-layout-cell u-size-30 u-layout-cell-1\">\n                <div class=\"u-container-layout u-container-layout-1\">\n                  <h2 class=\"u-align-center u-text u-text-default u-text-1\">HERZLICH WILLKOMMEN<\/h2>\n                  <img decoding=\"async\" src=\"https:\/\/gaestehaus-maeder.com\/wp-content\/uploads\/2023\/08\/schnoerkel.png\" alt=\"\" class=\"u-align-center u-image u-image-default u-image-1\" data-image-width=\"680\" data-image-height=\"80\">\n                  <p class=\"u-align-left u-text u-text-default u-text-2\"> G\u00e4stehaus\nM\u00e4der: ein Geheimtipp in Bad D\u00fcrrheim!\n&nbsp; <br>\n                    <br>Wir begr\u00fc\u00dfen\nSie ganz herzlich im wundersch\u00f6nen Kurort Bad D\u00fcrrheim!\n&nbsp;\nUnser\ngem\u00fctliches G\u00e4stehaus liegt direkt gegen\u00fcber dem wundersch\u00f6nen Kurpark auf\nwelchen Sie, von den Balkonen und den Terrassen aus, einen VIP-Blick genie\u00dfen\nwerden.\n&nbsp; <br>\n                    <br>Die\nAussicht, die Spazierwege, das Heilklima und die Sole werden Sie umgehend zur\nErholung f\u00fchren.\n&nbsp; <br>\n                    <br>Lassen Sie\nIhren Alltag hinter sich und freuen Sie sich auf eine sch\u00f6ne Zeit - zu jeder\nJahreszeit - in herrlicher Schwarzwaldlandschaft.\n&nbsp; <br>\n                    <br> Finden Sie\nzur\u00fcck zu Natur, Gelassenheit und Ruhe!\n&nbsp; <br>\n                    <br>Bereits seit\n1900 sind die T\u00fcren des G\u00e4stehaus M\u00e4der f\u00fcr Gro\u00df und Klein ge\u00f6ffnet! Unsere\nG\u00e4ste werden liebevoll empfangen.\n&nbsp; <br>\n                    <br>Uns liegt es\nsehr am Herzen, dass jeder Gast bei uns ankommen und sich wohlf\u00fchlen kann! <br>\n                    <br>Ist Ihr\nPartner\/Familienangeh\u00f6riger zur Kur in Bad D\u00fcrrheim? So ist auch Er\/Sie bei uns\nherzlich willkommen!\n&nbsp; <br>\n                    <br>Wir sind\nPartner der DREI WELTEN CARD und somit k\u00f6nnen Sie, lieber Gast, von vielen\nVorteilen profitieren, u.a. freiem Eintritt ins Solemar (f\u00fcr 3 h.).\n&nbsp; <br>\n                    <br>Haben Sie\neinen treuen Begleiter auf 4 Pfoten? Dieser ist bei uns ebenfalls herzlich\nwillkommen.\n&nbsp; <br>\n                    <br>Wir freuen\nuns, wenn Sie bei uns Gast sein werden!\n&nbsp; <br>\n                    <br>Ihre\nGastgeberfamilie \n                  <\/p>\n                <\/div>\n              <\/div>\n              <div class=\"u-container-style u-layout-cell u-shape-rectangle u-size-30 u-layout-cell-2\">\n                <div class=\"u-container-layout u-valign-bottom u-container-layout-2\">\n                  <div class=\"u-carousel u-expanded-width-xs u-gallery u-gallery-slider u-layout-carousel u-lightbox u-no-transition u-show-text-on-hover u-gallery-1\" data-interval=\"5000\" data-u-ride=\"carousel\" id=\"carousel-a851\">\n                    <ol class=\"u-absolute-hcenter u-carousel-indicators u-carousel-indicators-1\">\n                      <li data-u-target=\"#carousel-a851\" data-u-slide-to=\"0\" class=\"u-active u-grey-70 u-shape-circle\" style=\"width: 10px; height: 10px;\"><\/li>\n                      <li data-u-target=\"#carousel-a851\" data-u-slide-to=\"1\" class=\"u-grey-70 u-shape-circle\" style=\"width: 10px; height: 10px;\"><\/li>\n                      <li data-u-target=\"#carousel-a851\" data-u-slide-to=\"2\" class=\"u-grey-70 u-shape-circle\" style=\"width: 10px; height: 10px;\"><\/li>\n                      <li data-u-target=\"#carousel-a851\" data-u-slide-to=\"3\" class=\"u-grey-70 u-shape-circle\" style=\"width: 10px; height: 10px;\"><\/li>\n                      <li data-u-target=\"#carousel-a851\" data-u-slide-to=\"4\" class=\"u-grey-70 u-shape-circle\" style=\"width: 10px; height: 10px;\"><\/li>\n                      <li data-u-target=\"#carousel-a851\" data-u-slide-to=\"5\" class=\"u-grey-70 u-shape-circle\" style=\"width: 10px; height: 10px;\"><\/li>\n                      <li data-u-target=\"#carousel-a851\" data-u-slide-to=\"6\" class=\"u-grey-70 u-shape-circle\" style=\"width: 10px; height: 10px;\"><\/li>\n                      <li data-u-target=\"#carousel-a851\" data-u-slide-to=\"7\" class=\"u-grey-70 u-shape-circle\" style=\"width: 10px; height: 10px;\"><\/li>\n                    <\/ol>\n                    <div class=\"u-carousel-inner u-gallery-inner u-gallery-inner-1\" role=\"listbox\">\n                      <div class=\"u-active u-carousel-item u-effect-fade u-gallery-item u-carousel-item-1\" data-image-width=\"1618\" data-image-height=\"1080\">\n                        <div class=\"u-back-slide\">\n                          <img decoding=\"async\" class=\"u-back-image u-expanded\" src=\"https:\/\/gaestehaus-maeder.com\/wp-content\/uploads\/2025\/01\/haus_2.jpg\">\n                        <\/div>\n                        <div class=\"u-align-center u-over-slide u-shading u-valign-middle u-over-slide-1\"><\/div>\n                        <style data-mode=\"XL\"><\/style>\n                        <style data-mode=\"LG\"><\/style>\n                        <style data-mode=\"MD\"><\/style>\n                        <style data-mode=\"SM\"><\/style>\n                        <style data-mode=\"XS\"><\/style>\n                      <\/div>\n                      <div class=\"u-carousel-item u-effect-fade u-gallery-item u-carousel-item-2\">\n                        <div class=\"u-back-slide\" data-image-width=\"710\" data-image-height=\"468\">\n                          <img decoding=\"async\" class=\"u-back-image u-expanded\" src=\"https:\/\/gaestehaus-maeder.com\/wp-content\/uploads\/2023\/08\/haus.jpg\">\n                        <\/div>\n                        <div class=\"u-align-center u-over-slide u-shading u-valign-middle u-over-slide-2\"><\/div>\n                      <\/div>\n                      <div class=\"u-carousel-item u-effect-fade u-gallery-item u-carousel-item-3\" data-image-width=\"1618\" data-image-height=\"1080\">\n                        <div class=\"u-back-slide\">\n                          <img decoding=\"async\" class=\"u-back-image u-expanded\" src=\"https:\/\/gaestehaus-maeder.com\/wp-content\/uploads\/2025\/01\/haus_1.jpg\">\n                        <\/div>\n                        <div class=\"u-align-center u-over-slide u-shading u-valign-middle u-over-slide-3\"><\/div>\n                        <style data-mode=\"XL\"><\/style>\n                        <style data-mode=\"LG\"><\/style>\n                        <style data-mode=\"MD\"><\/style>\n                        <style data-mode=\"SM\"><\/style>\n                        <style data-mode=\"XS\"><\/style>\n                      <\/div>\n                      <div class=\"u-carousel-item u-effect-fade u-gallery-item u-carousel-item-4\">\n                        <div class=\"u-back-slide\" data-image-width=\"1400\" data-image-height=\"831\">\n                          <img decoding=\"async\" class=\"u-back-image u-expanded\" src=\"https:\/\/gaestehaus-maeder.com\/wp-content\/uploads\/2023\/08\/Gstehaus-Mder-Haus-1.jpg\">\n                        <\/div>\n                        <div class=\"u-align-center u-over-slide u-shading u-valign-middle u-over-slide-4\"><\/div>\n                      <\/div>\n                      <div class=\"u-carousel-item u-effect-fade u-gallery-item u-carousel-item-5\" data-image-width=\"700\" data-image-height=\"503\">\n                        <div class=\"u-back-slide\" data-image-width=\"1400\" data-image-height=\"711\">\n                          <img decoding=\"async\" class=\"u-back-image u-expanded\" src=\"https:\/\/gaestehaus-maeder.com\/wp-content\/uploads\/2023\/08\/Bad-Drrheim-Park-slider-3.jpg\">\n                        <\/div>\n                        <div class=\"u-align-center u-over-slide u-shading u-valign-middle u-over-slide-5\"><\/div>\n                        <style data-mode=\"XL\" data-visited=\"true\"><\/style>\n                        <style data-mode=\"LG\"><\/style>\n                        <style data-mode=\"MD\"><\/style>\n                        <style data-mode=\"SM\" data-visited=\"true\"><\/style>\n                        <style data-mode=\"XS\" data-visited=\"true\"><\/style>\n                      <\/div>\n                      <div class=\"u-carousel-item u-effect-fade u-gallery-item u-carousel-item-6\" data-image-width=\"700\" data-image-height=\"503\">\n                        <div class=\"u-back-slide\" data-image-width=\"700\" data-image-height=\"465\">\n                          <img decoding=\"async\" class=\"u-back-image u-expanded\" src=\"https:\/\/gaestehaus-maeder.com\/wp-content\/uploads\/2023\/08\/Home.jpg\">\n                        <\/div>\n                        <div class=\"u-align-center u-over-slide u-shading u-valign-middle u-over-slide-6\"><\/div>\n                        <style data-mode=\"XL\" data-visited=\"true\"><\/style>\n                        <style data-mode=\"LG\"><\/style>\n                        <style data-mode=\"MD\"><\/style>\n                        <style data-mode=\"SM\" data-visited=\"true\"><\/style>\n                        <style data-mode=\"XS\" data-visited=\"true\"><\/style>\n                      <\/div>\n                      <div class=\"u-carousel-item u-effect-fade u-gallery-item u-carousel-item-7\" data-image-width=\"1500\" data-image-height=\"2000\">\n                        <div class=\"u-back-slide\">\n                          <img decoding=\"async\" class=\"u-back-image u-expanded\" src=\"https:\/\/gaestehaus-maeder.com\/wp-content\/uploads\/2025\/01\/frhling.jpg\">\n                        <\/div>\n                        <div class=\"u-align-center u-over-slide u-shading u-valign-middle u-over-slide-7\"><\/div>\n                        <style data-mode=\"XL\"><\/style>\n                        <style data-mode=\"LG\"><\/style>\n                        <style data-mode=\"MD\"><\/style>\n                        <style data-mode=\"SM\"><\/style>\n                        <style data-mode=\"XS\"><\/style>\n                      <\/div>\n                      <div class=\"u-carousel-item u-effect-fade u-gallery-item u-carousel-item-8\" data-image-width=\"720\" data-image-height=\"1280\">\n                        <div class=\"u-back-slide\">\n                          <img decoding=\"async\" class=\"u-back-image u-expanded\" src=\"https:\/\/gaestehaus-maeder.com\/wp-content\/uploads\/2025\/01\/blume.jpg\">\n                        <\/div>\n                        <div class=\"u-align-center u-over-slide u-shading u-valign-middle u-over-slide-8\"><\/div>\n                        <style data-mode=\"XL\"><\/style>\n                        <style data-mode=\"LG\"><\/style>\n                        <style data-mode=\"MD\"><\/style>\n                        <style data-mode=\"SM\"><\/style>\n                        <style data-mode=\"XS\"><\/style>\n                      <\/div>\n                    <\/div>\n                    <a class=\"u-absolute-vcenter u-carousel-control u-carousel-control-prev u-grey-70 u-icon-circle u-opacity u-opacity-70 u-spacing-10 u-text-white u-carousel-control-1\" href=\"#carousel-a851\" role=\"button\" data-u-slide=\"prev\"><span aria-hidden=\"true\">\n                        <svg viewBox=\"0 0 8 8\"><path d=\"M5.25 0l-4 4 4 4 1.5-1.5-2.5-2.5 2.5-2.5-1.5-1.5z\"><\/path><\/svg><\/span><span class=\"sr-only\">\n                        <svg viewBox=\"0 0 8 8\"><path d=\"M5.25 0l-4 4 4 4 1.5-1.5-2.5-2.5 2.5-2.5-1.5-1.5z\"><\/path><\/svg><\/span>\n                    <\/a>\n                    <a class=\"u-absolute-vcenter u-carousel-control u-carousel-control-next u-grey-70 u-icon-circle u-opacity u-opacity-70 u-spacing-10 u-text-white u-carousel-control-2\" href=\"#carousel-a851\" role=\"button\" data-u-slide=\"next\"><span aria-hidden=\"true\">\n                        <svg viewBox=\"0 0 8 8\"><path d=\"M2.75 0l-1.5 1.5 2.5 2.5-2.5 2.5 1.5 1.5 4-4-4-4z\"><\/path><\/svg><\/span><span class=\"sr-only\">\n                        <svg viewBox=\"0 0 8 8\"><path d=\"M2.75 0l-1.5 1.5 2.5 2.5-2.5 2.5 1.5 1.5 4-4-4-4z\"><\/path><\/svg><\/span>\n                    <\/a>\n                    <div class=\"u-effect-fade u-gallery-item u-gallery-item-9\" data-image-width=\"1618\" data-image-height=\"1080\">\n                      <div class=\"u-back-slide\">\n                        <img decoding=\"async\" class=\"u-back-image u-expanded\" src=\"https:\/\/gaestehaus-maeder.com\/wp-content\/uploads\/2025\/01\/haus_1.jpg\">\n                      <\/div>\n                      <div class=\"u-align-center u-over-slide u-shading u-valign-middle u-over-slide-9\"><\/div>\n                    <\/div>\n                    <div class=\"u-effect-fade u-gallery-item u-gallery-item-10\" data-image-width=\"720\" data-image-height=\"1280\">\n                      <div class=\"u-back-slide\">\n                        <img decoding=\"async\" class=\"u-back-image u-expanded\" src=\"https:\/\/gaestehaus-maeder.com\/wp-content\/uploads\/2025\/01\/blume.jpg\">\n                      <\/div>\n                      <div class=\"u-align-center u-over-slide u-shading u-valign-middle u-over-slide-10\"><\/div>\n                    <\/div>\n                  <\/div>\n                  <p class=\"u-text u-text-default u-text-3\"> Hier die\nEntfernung zu den Kliniken:<br>\n                    <br> Espan-Klinik:\n270m, ca. 3 Gehminuten <br>\n                    <br>Median-Klinik\nSt. Georg: 350m, ca. 5 Gehminuten <br>\n                    <br>Luisenklinik:\n650m, ca. 9 Gehminuten <br>\n                    <br>Waldeck-Klinik:\n450m, ca. 6 Gehminuten <br>\n                    <br>Vital-Kliniken\nGmbH Schloss-Klinik Sonnenb\u00fchl: 700m, ca. 9 Gehminuten <br>\n                    <br>Fachklinik\nf\u00fcr Psychiatrie und Psychotherapie - Psychosomatik: 350m, ca. 5 Gehminuten <br>\n                    <br>Klinik\nLimberger GmbH &amp; Co. KG: 500m, ca. 7 Gehminuten <br>\n                    <br> H\u00e4nslehof\nMutter-Kind-Kur: 750m, ca. 9 Gehminuten \n                  <\/p>\n                <\/div>\n              <\/div>\n            <\/div>\n          <\/div>\n        <\/div>\n        <img decoding=\"async\" class=\"u-align-center u-image u-image-contain u-image-default u-image-2\" src=\"https:\/\/gaestehaus-maeder.com\/wp-content\/uploads\/2023\/08\/schnoerkel.png\" alt=\"\" data-image-width=\"680\" data-image-height=\"80\">\n      <\/div>\n    <\/section>\n    <section class=\"u-align-center u-clearfix u-container-align-center u-palette-5-light-3 u-section-3\" id=\"sec-3dcc\">\n      <div class=\"u-clearfix u-sheet u-sheet-1\">\n        <p class=\"u-text u-text-default-xl u-text-1\">Fragen? Nehmen Sie Kontakt mit uns auf.<\/p>\n        <div class=\"fr-view u-clearfix u-rich-text u-text u-text-2\">\n          <h1 style=\"text-align: left;\"><style id=\"wpforms-css-vars-472\">\n\t\t\t\t#wpforms-472 {\n\t\t\t\t\n\t\t\t}\n\t\t\t<\/style><div class=\"wpforms-container wpforms-container-full wpforms-render-modern\" id=\"wpforms-472\"><form id=\"wpforms-form-472\" class=\"wpforms-validate wpforms-form wpforms-ajax-form\" data-formid=\"472\" method=\"post\" enctype=\"multipart\/form-data\" action=\"\/index.php?rest_route=%2Fwp%2Fv2%2Fpages%2F466\" data-token=\"b33238153dd016eca83b28bc0e72450b\" data-token-time=\"1776521190\"><noscript class=\"wpforms-error-noscript\">Bitte aktiviere JavaScript in deinem Browser, um dieses Formular fertigzustellen.<\/noscript><div id=\"wpforms-error-noscript\" style=\"display: none;\">Bitte aktiviere JavaScript in deinem Browser, um dieses Formular fertigzustellen.<\/div><div class=\"wpforms-field-container\">\t\t<div id=\"wpforms-472-field_4-container\"\n\t\t\tclass=\"wpforms-field wpforms-field-text\"\n\t\t\tdata-field-type=\"text\"\n\t\t\tdata-field-id=\"4\"\n\t\t\t>\n\t\t\t<label class=\"wpforms-field-label\" for=\"wpforms-472-field_4\" >Telefon Nachricht oder<\/label>\n\t\t\t<input type=\"text\" id=\"wpforms-472-field_4\" class=\"wpforms-field-medium\" name=\"wpforms[fields][4]\" >\n\t\t<\/div>\n\t\t<div id=\"wpforms-472-field_1-container\" class=\"wpforms-field wpforms-field-name wpforms-one-half wpforms-first\" data-field-id=\"1\"><label class=\"wpforms-field-label\" for=\"wpforms-472-field_1\">Name <span class=\"wpforms-required-label\" aria-hidden=\"true\">*<\/span><\/label><input type=\"text\" id=\"wpforms-472-field_1\" class=\"wpforms-field-medium wpforms-field-required\" name=\"wpforms[fields][1]\" aria-errormessage=\"wpforms-472-field_1-error\" required><\/div><div id=\"wpforms-472-field_2-container\" class=\"wpforms-field wpforms-field-email wpforms-one-half wpforms-first\" data-field-id=\"2\"><label class=\"wpforms-field-label\" for=\"wpforms-472-field_2\">E-Mail-Adresse <span class=\"wpforms-required-label\" aria-hidden=\"true\">*<\/span><\/label><input type=\"email\" id=\"wpforms-472-field_2\" class=\"wpforms-field-medium wpforms-field-required\" name=\"wpforms[fields][2]\" spellcheck=\"false\" aria-errormessage=\"wpforms-472-field_2-error\" required><\/div><div id=\"wpforms-472-field_6-container\" class=\"wpforms-field wpforms-field-name wpforms-one-half wpforms-first\" data-field-id=\"6\"><label class=\"wpforms-field-label\" for=\"wpforms-472-field_6\">Telefon<\/label><input type=\"text\" id=\"wpforms-472-field_6\" class=\"wpforms-field-medium\" name=\"wpforms[fields][6]\" aria-errormessage=\"wpforms-472-field_6-error\" ><\/div><div id=\"wpforms-472-field_3-container\" class=\"wpforms-field wpforms-field-textarea wpforms-one-half wpforms-first\" data-field-id=\"3\"><label class=\"wpforms-field-label\" for=\"wpforms-472-field_3\">Kommentar oder Nachricht <span class=\"wpforms-required-label\" aria-hidden=\"true\">*<\/span><\/label><textarea id=\"wpforms-472-field_3\" class=\"wpforms-field-medium wpforms-field-required\" name=\"wpforms[fields][3]\" aria-errormessage=\"wpforms-472-field_3-error\" required><\/textarea><\/div><script>\n\t\t\t\t( function() {\n\t\t\t\t\tconst style = document.createElement( 'style' );\n\t\t\t\t\tstyle.appendChild( document.createTextNode( '#wpforms-472-field_4-container { position: absolute !important; overflow: hidden !important; display: inline !important; height: 1px !important; width: 1px !important; z-index: -1000 !important; padding: 0 !important; } #wpforms-472-field_4-container input { visibility: hidden; } #wpforms-conversational-form-page #wpforms-472-field_4-container label { counter-increment: none; }' ) );\n\t\t\t\t\tdocument.head.appendChild( style );\n\t\t\t\t\tdocument.currentScript?.remove();\n\t\t\t\t} )();\n\t\t\t<\/script><\/div><!-- .wpforms-field-container --><div class=\"wpforms-submit-container\" ><input type=\"hidden\" name=\"wpforms[id]\" value=\"472\"><input type=\"hidden\" name=\"page_title\" value=\"\"><input type=\"hidden\" name=\"page_url\" value=\"https:\/\/gaestehaus-maeder.com\/index.php?rest_route=\/wp\/v2\/pages\/466\"><input type=\"hidden\" name=\"url_referer\" value=\"\"><button type=\"submit\" name=\"wpforms[submit]\" id=\"wpforms-submit-472\" class=\"wpforms-submit\" data-alt-text=\"Wird gesendet\u00a0\u2026\" data-submit-text=\"Absenden\" aria-live=\"assertive\" value=\"wpforms-submit\">Absenden<\/button><img loading=\"lazy\" decoding=\"async\" src=\"https:\/\/gaestehaus-maeder.com\/wp-content\/plugins\/wpforms-lite\/assets\/images\/submit-spin.svg\" class=\"wpforms-submit-spinner\" style=\"display: none;\" width=\"26\" height=\"26\" alt=\"Wird geladen\"><\/div><\/form><\/div>  <!-- .wpforms-container --><\/h1>\n        <\/div>\n        <img decoding=\"async\" class=\"u-image u-image-contain u-image-default u-image-1\" src=\"https:\/\/gaestehaus-maeder.com\/wp-content\/uploads\/2023\/08\/schnoerkel.png\" alt=\"\" data-image-width=\"680\" data-image-height=\"80\">\n      <\/div>\n    <\/section>\n    \n    \n    \n    \n    \n    \n    \n    \n    \n  \n<\/div>","protected":false},"excerpt":{"rendered":"<p>HERZLICH WILLKOMMEN G\u00e4stehaus M\u00e4der: ein Geheimtipp in Bad D\u00fcrrheim! &nbsp; Wir begr\u00fc\u00dfen Sie ganz herzlich im wundersch\u00f6nen Kurort Bad D\u00fcrrheim! &nbsp; Unser gem\u00fctliches G\u00e4stehaus liegt direkt gegen\u00fcber dem wundersch\u00f6nen Kurpark auf welchen Sie, von den Balkonen und den Terrassen aus, einen VIP-Blick genie\u00dfen werden. &nbsp; Die Aussicht, die Spazierwege, das Heilklima und die Sole werden&hellip; <a class=\"more-link\" href=\"https:\/\/gaestehaus-maeder.com\/\"><span class=\"screen-reader-text\">Willkommen<\/span> weiterlesen<\/a><\/p>\n","protected":false},"author":2,"featured_media":0,"parent":0,"menu_order":10,"comment_status":"closed","ping_status":"closed","template":"","meta":{"footnotes":""},"class_list":["post-466","page","type-page","status-publish","hentry","entry"],"_links":{"self":[{"href":"https:\/\/gaestehaus-maeder.com\/index.php?rest_route=\/wp\/v2\/pages\/466","targetHints":{"allow":["GET"]}}],"collection":[{"href":"https:\/\/gaestehaus-maeder.com\/index.php?rest_route=\/wp\/v2\/pages"}],"about":[{"href":"https:\/\/gaestehaus-maeder.com\/index.php?rest_route=\/wp\/v2\/types\/page"}],"author":[{"embeddable":true,"href":"https:\/\/gaestehaus-maeder.com\/index.php?rest_route=\/wp\/v2\/users\/2"}],"replies":[{"embeddable":true,"href":"https:\/\/gaestehaus-maeder.com\/index.php?rest_route=%2Fwp%2Fv2%2Fcomments&post=466"}],"version-history":[{"count":13,"href":"https:\/\/gaestehaus-maeder.com\/index.php?rest_route=\/wp\/v2\/pages\/466\/revisions"}],"predecessor-version":[{"id":496,"href":"https:\/\/gaestehaus-maeder.com\/index.php?rest_route=\/wp\/v2\/pages\/466\/revisions\/496"}],"wp:attachment":[{"href":"https:\/\/gaestehaus-maeder.com\/index.php?rest_route=%2Fwp%2Fv2%2Fmedia&parent=466"}],"curies":[{"name":"wp","href":"https:\/\/api.w.org\/{rel}","templated":true}]}}