{"id":448,"date":"2025-04-13T09:09:32","date_gmt":"2025-04-13T09:09:32","guid":{"rendered":"https:\/\/gaestehaus-maeder.com\/?page_id=448"},"modified":"2025-11-22T17:47:48","modified_gmt":"2025-11-22T17:47:48","slug":"agb","status":"publish","type":"page","link":"https:\/\/gaestehaus-maeder.com\/?page_id=448","title":{"rendered":"AGB"},"content":{"rendered":"<div class=\"\" style=\"\" >\n    \n    <section class=\"u-clearfix u-palette-2-light-3 u-section-2\" id=\"sec-dc7e\">\n      <div class=\"u-clearfix u-sheet u-sheet-1\">\n        <div class=\"data-layout-selected u-clearfix u-expanded-width u-layout-wrap u-layout-wrap-1\">\n          <div class=\"u-layout\" style=\"\">\n            <div class=\"u-layout-row\" style=\"\">\n              <div class=\"u-container-style u-layout-cell u-size-5 u-layout-cell-1\">\n                <div class=\"u-container-layout u-container-layout-1\"><\/div>\n              <\/div>\n              <div class=\"u-container-style u-layout-cell u-size-55 u-layout-cell-2\">\n                <div class=\"u-container-layout u-valign-bottom u-container-layout-2\">\n                  <h2 class=\"u-align-center u-text u-text-default u-text-1\">AGB <\/h2>\n                  <p class=\"u-text u-text-default u-text-2\"> Allgemeine Gesch\u00e4ftsbedingungen (AGB) f\u00fcr das\nG\u00e4stehaus mit Ferienwohnungen in Bad D\u00fcrrheim <br>\n                    <br>1. Geltungsbereich <br><span style=\"font-weight: 400;\">Diese Allgemeinen Gesch\u00e4ftsbedingungen (AGB) gelten\nf\u00fcr alle Vertr\u00e4ge \u00fcber die mietweise \u00dcberlassung von Ferienwohnungen zur\nBeherbergung sowie f\u00fcr alle weiteren hiermit zusammenh\u00e4ngenden Leistungen und\nLieferungen des G\u00e4stehauses in Bad D\u00fcrrheim. <\/span>\n                    <br>\n                    <br> 2. Vertragsabschluss <br><span style=\"font-weight: 400;\">Der Vertrag kommt durch die Annahme der\nBuchungsanfrage des Gastes durch das G\u00e4stehaus zustande. Eine Buchung gilt als\nverbindlich, sobald sie durch das G\u00e4stehaus schriftlich oder elektronisch\nbest\u00e4tigt wurde. <br><\/span>\n                    <br>3. Zahlung <span style=\"font-weight: 400;\">3.1. Die Zahlung erfolgt gem\u00e4\u00df der in der Buchungsbest\u00e4tigung\ngenannten Zahlungsmodalit\u00e4ten. 3.2. Das G\u00e4stehaus ist berechtigt, eine\nAnzahlung zu verlangen. Die Restzahlung erfolgt sp\u00e4testens bei Anreise oder\ngem\u00e4\u00df der Vereinbarung. <br><\/span>\n                    <br>4. An- und Abreise <span style=\"font-weight: 400;\">4.1. Die Ferienwohnung steht dem Gast am Anreisetag\nab 15:00 Uhr zur Verf\u00fcgung. 4.2. Am Abreisetag ist die Wohnung bis sp\u00e4testens\n10:00 Uhr zu r\u00e4umen. <br><\/span>\n                    <br>5. R\u00fccktritt und Stornierung <span style=\"font-weight: 400;\">5.1. Ein R\u00fccktritt des Gastes muss schriftlich\nerfolgen. 5.2. Bei Stornierungen fallen folgende Kosten an: <\/span>\n                    <br>- <span style=\"font-weight: 400;\">Bis 7 Tage vor Anreise:\n     kostenfrei<br> - Ab 7 Tage vor Anreise\n     oder Nichtanreise: 90 % des vereinbarten Preises<br><\/span>\n                    <br> 6. Pflichten des Gastes <span style=\"font-weight: 400;\">6.1. Der Gast verpflichtet sich, die Ferienwohnung\npfleglich zu behandeln und bei der Abreise in einem ordnungsgem\u00e4\u00dfen Zustand zu\nhinterlassen. 6.2. Besch\u00e4digungen sind unverz\u00fcglich dem G\u00e4stehaus zu melden und\nk\u00f6nnen ggf. in Rechnung gestellt werden. <br><\/span>\n                    <br>7. Haftung des G\u00e4stehauses <span style=\"font-weight: 400;\">7.1. Das G\u00e4stehaus haftet nur f\u00fcr Vorsatz und grobe\nFahrl\u00e4ssigkeit. 7.2. Eine Haftung f\u00fcr mitgebrachte Wertgegenst\u00e4nde wird\nausgeschlossen. <br><\/span>\n                    <br> 8. Hausordnung <span style=\"font-weight: 400;\">8.1. Die Hausordnung ist Bestandteil dieser AGB und\nmuss vom Gast beachtet werden. 8.2. Bei groben Versto\u00df gegen die Hausordnung\nkann das G\u00e4stehaus den Vertrag fristlos k\u00fcndigen. <\/span>\n                    <br>\n                    <br>9. Schlussbestimmungen <span style=\"font-weight: 400;\">9.1. Es gilt das Recht der Bundesrepublik\nDeutschland. 9.2. Gerichtsstand ist Bad D\u00fcrrheim, soweit gesetzlich zul\u00e4ssig. <br><\/span>\n                    <br>10. Salvatorische Klausel <span style=\"font-weight: 400;\">Sollten einzelne Bestimmungen dieser AGB unwirksam\nsein oder werden, so bleibt die Wirksamkeit der \u00fcbrigen Bestimmungen unber\u00fchrt.\nAnstelle der unwirksamen Regelung gilt eine Regelung, die dem wirtschaftlichen\nZweck der unwirksamen Regelung am n\u00e4chsten kommt. <\/span>\n                  <\/p>\n                  <img decoding=\"async\" class=\"u-image u-image-contain u-image-default u-image-1\" src=\"https:\/\/gaestehaus-maeder.com\/wp-content\/uploads\/2023\/08\/schnoerkel.png\" alt=\"\" data-image-width=\"680\" data-image-height=\"80\">\n                <\/div>\n              <\/div>\n            <\/div>\n          <\/div>\n        <\/div>\n      <\/div>\n    <\/section>\n    \n    \n    \n    \n    \n    \n    \n    \n    \n  \n<\/div>","protected":false},"excerpt":{"rendered":"<p>AGB Allgemeine Gesch\u00e4ftsbedingungen (AGB) f\u00fcr das G\u00e4stehaus mit Ferienwohnungen in Bad D\u00fcrrheim 1. Geltungsbereich Diese Allgemeinen Gesch\u00e4ftsbedingungen (AGB) gelten f\u00fcr alle Vertr\u00e4ge \u00fcber die mietweise \u00dcberlassung von Ferienwohnungen zur Beherbergung sowie f\u00fcr alle weiteren hiermit zusammenh\u00e4ngenden Leistungen und Lieferungen des G\u00e4stehauses in Bad D\u00fcrrheim. 2. Vertragsabschluss Der Vertrag kommt durch die Annahme der Buchungsanfrage des&hellip; <a class=\"more-link\" href=\"https:\/\/gaestehaus-maeder.com\/?page_id=448\"><span class=\"screen-reader-text\">AGB<\/span> weiterlesen<\/a><\/p>\n","protected":false},"author":2,"featured_media":0,"parent":0,"menu_order":3,"comment_status":"closed","ping_status":"closed","template":"","meta":{"footnotes":""},"class_list":["post-448","page","type-page","status-publish","hentry","entry"],"_links":{"self":[{"href":"https:\/\/gaestehaus-maeder.com\/index.php?rest_route=\/wp\/v2\/pages\/448","targetHints":{"allow":["GET"]}}],"collection":[{"href":"https:\/\/gaestehaus-maeder.com\/index.php?rest_route=\/wp\/v2\/pages"}],"about":[{"href":"https:\/\/gaestehaus-maeder.com\/index.php?rest_route=\/wp\/v2\/types\/page"}],"author":[{"embeddable":true,"href":"https:\/\/gaestehaus-maeder.com\/index.php?rest_route=\/wp\/v2\/users\/2"}],"replies":[{"embeddable":true,"href":"https:\/\/gaestehaus-maeder.com\/index.php?rest_route=%2Fwp%2Fv2%2Fcomments&post=448"}],"version-history":[{"count":9,"href":"https:\/\/gaestehaus-maeder.com\/index.php?rest_route=\/wp\/v2\/pages\/448\/revisions"}],"predecessor-version":[{"id":519,"href":"https:\/\/gaestehaus-maeder.com\/index.php?rest_route=\/wp\/v2\/pages\/448\/revisions\/519"}],"wp:attachment":[{"href":"https:\/\/gaestehaus-maeder.com\/index.php?rest_route=%2Fwp%2Fv2%2Fmedia&parent=448"}],"curies":[{"name":"wp","href":"https:\/\/api.w.org\/{rel}","templated":true}]}}