{"id":22,"date":"2023-08-08T13:58:45","date_gmt":"2023-08-08T13:58:45","guid":{"rendered":"https:\/\/gaestehaus-maeder.com\/?page_id=22"},"modified":"2025-04-13T09:12:50","modified_gmt":"2025-04-13T09:12:50","slug":"impressum","status":"publish","type":"page","link":"https:\/\/gaestehaus-maeder.com\/?page_id=22","title":{"rendered":"Impressum"},"content":{"rendered":"<div class=\"\" style=\"\" >\n    \n    <section class=\"u-clearfix u-palette-2-light-3 u-section-2\" id=\"sec-dc7e\">\n      <div class=\"u-clearfix u-sheet u-sheet-1\">\n        <div class=\"data-layout-selected u-clearfix u-expanded-width u-layout-wrap u-layout-wrap-1\">\n          <div class=\"u-layout\" style=\"\">\n            <div class=\"u-layout-row\" style=\"\">\n              <div class=\"u-container-style u-layout-cell u-size-15 u-layout-cell-1\">\n                <div class=\"u-container-layout u-container-layout-1\"><\/div>\n              <\/div>\n              <div class=\"u-container-style u-layout-cell u-size-45 u-layout-cell-2\">\n                <div class=\"u-container-layout u-valign-bottom u-container-layout-2\">\n                  <h2 class=\"u-align-center u-text u-text-default u-text-1\">IMPRESSUM<\/h2>\n                  <div class=\"u-table u-table-responsive u-table-1\">\n                    <table class=\"u-table-entity\">\n                      <colgroup>\n                        <col width=\"28.87%\">\n                        <col width=\"71.13%\">\n                      <\/colgroup>\n                      <tbody class=\"u-table-body\">\n                        <tr style=\"height: 38px;\">\n                          <td class=\"u-table-cell\">G\u00e4stehaus M\u00e4der<\/td>\n                          <td class=\"u-table-cell\"><\/td>\n                        <\/tr>\n                        <tr style=\"height: 124px;\">\n                          <td class=\"u-table-cell\">Ansprechpartner:<br>Anschrift:<br>\n                            <br>Mobil:<br>\n                          <\/td>\n                          <td class=\"u-table-cell\">S. Seider<br>Luisenstrasse 26<br>78073 Bad D\u00fcrrheim<br>+49 (0) 176 10 30 1956 \n                          <\/td>\n                        <\/tr>\n                        <tr style=\"height: 38px;\">\n                          <td class=\"u-table-cell\">E-Mail Adresse:<br>\n                          <\/td>\n                          <td class=\"u-table-cell\">\n                            <a class=\"u-active-none u-border-none u-btn u-button-link u-button-style u-hover-none u-none u-text-palette-1-base u-btn-1\" href=\"mailto:info@gaestehau-maeder.com\">info at gaestehaus-maeder.com<\/a>\n                          <\/td>\n                        <\/tr>\n                        <tr style=\"height: 38px;\">\n                          <td class=\"u-table-cell\">Web:<\/td>\n                          <td class=\"u-table-cell\">\n                            <a class=\"u-active-none u-border-none u-btn u-button-link u-button-style u-hover-none u-none u-text-palette-1-base u-btn-2\" href=\"https:\/\/www.gaestehaus-maeder.com\">https:\/\/www.gaestehaus-maeder.com<\/a>\n                          <\/td>\n                        <\/tr>\n                      <\/tbody>\n                    <\/table>\n                  <\/div>\n                  <p class=\"u-text u-text-default u-text-2\">\n                    <span style=\"font-weight: 700;\">Hinweis zu Google Analytics<\/span>\n                    <br>\n                    <br>\n                    <span style=\"font-weight: 400;\">Diese Website benutzt Google Analytics, einen Webanalysedienst der \nGoogle Inc. (\u201eGoogle\u201c). Google Analytics verwendet sog. \u201eCookies\u201c, \nTextdateien, die auf Ihrem Computer gespeichert werden und die eine \nAnalyse der Benutzung der Website durch Sie erm\u00f6glichen. Die durch den \nCookie erzeugten Informationen \u00fcber Ihre Benutzung dieser Website werden\n in der Regel an einen Server von Google in den USA \u00fcbertragen und dort \ngespeichert. Im Falle der Aktivierung der IP-Anonymisierung auf dieser \nWebseite, wird Ihre IP-Adresse von Google jedoch innerhalb von \nMitgliedstaaten der Europ\u00e4ischen Union oder in anderen Vertragsstaaten \ndes Abkommens \u00fcber den Europ\u00e4ischen Wirtschaftsraum zuvor gek\u00fcrzt. Nur \nin Ausnahmef\u00e4llen wird die volle IP-Adresse an einen Server von Google \nin den USA \u00fcbertragen und dort gek\u00fcrzt.<br>\n                      <br>Im Auftrag des Betreibers dieser Website wird Google diese Informationen\n benutzen, um Ihre Nutzung der Website auszuwerten, um Reports \u00fcber die \nWebsiteaktivit\u00e4ten zusammenzustellen und um weitere mit der \nWebsitenutzung und der Internetnutzung verbundene Dienstleistungen \ngegen\u00fcber dem Websitebetreiber zu erbringen. Die im Rahmen von Google \nAnalytics von Ihrem Browser \u00fcbermittelte IP-Adresse wird nicht mit \nanderen Daten von Google zusammengef\u00fchrt. Sie k\u00f6nnen die Speicherung der\n Cookies durch eine entsprechende Einstellung Ihrer Browser-Software \nverhindern; wir weisen Sie jedoch darauf hin, dass Sie in diesem Fall \ngegebenenfalls nicht s\u00e4mtliche Funktionen dieser Website vollumf\u00e4nglich \nwerden nutzen k\u00f6nnen.<br>\n                      <br>Sie k\u00f6nnen dar\u00fcber hinaus die Erfassung der durch das Cookie erzeugten \nund auf Ihre Nutzung der Website bezogenen Daten (inkl. Ihrer \nIP-Adresse) an Google sowie die Verarbeitung dieser Daten durch Google \nverhindern, indem sie das unter dem folgenden Link verf\u00fcgbare \nBrowser-Plugin herunterladen und installieren. F\u00fcr das Browser Plugin \nklicken Sie&nbsp;<a href=\"http:\/\/tools.google.com\/dlpage\/gaoptout?hl=de\" target=\"self\" rel=\"noopener noreferrer\" class=\"u-active-none u-border-none u-btn u-button-style u-hover-none u-none u-text-palette-1-base u-btn-3\">\n                        <span style=\"font-weight: 700;\">HIER<\/span>\n                      <\/a>\n                      <span style=\"font-weight: 700;\">.<\/span>\n                    <\/span>\n                    <br>\n                    <br>\n                    <span style=\"font-weight: 700;\">Haftungshinweis<\/span>\n                    <br>\n                    <br>\n                    <span style=\"font-weight: 400;\">Trotz sorgf\u00e4ltiger Recherche und Pr\u00fcfung aller Informationen auf dieser \nWebsite \u00fcbernimmt G\u00e4stehaus M\u00e4der&nbsp;keine Haftung f\u00fcr Aktualit\u00e4t, \nRichtigkeit, Vollst\u00e4ndigkeit oder Qualit\u00e4t der bereitgestellten \nInformationen. Haftungsanspr\u00fcche gegen G\u00e4stehaus M\u00e4der, die sich auf \nSch\u00e4den materieller oder ideeller Art beziehen, welche durch die Nutzung\n oder Nichtnutzung der dargebotenen Informationen bzw. durch die Nutzung\n fehlerhafter und unvollst\u00e4ndiger Informationen verursacht wurden, sind \ngrunds\u00e4tzlich ausgeschlossen, sofern seitens G\u00e4stehaus M\u00e4der kein \nnachweislich vors\u00e4tzliches oder grob fahrl\u00e4ssiges Verschulden vorliegt. \nAlle Angebote sind freibleibend und unverbindlich.<\/span>\n                    <br>\n                    <br>\n                    <span style=\"font-weight: 400;\">G\u00e4stehaus M\u00e4der beh\u00e4lt es sich ausdr\u00fccklich vor, Teile der Seiten oder \ndas gesamte Angebot ohne besondere Ank\u00fcndigung zu ver\u00e4ndern, zu \nerg\u00e4nzen, zu l\u00f6schen oder die Ver\u00f6ffentlichung zeitweise oder endg\u00fcltig \neinzuschr\u00e4nken. Die eingestellten Informationen der Websites ersetzen \nkeine individuelle Beratung und gelten insbesondere nicht als \nRechtsberatung und\/oder Steuerberatung. Die Nutzung und Verwertung der \neingestellten Informationen obliegt dem Risiko des Besuchers der \nWebsite. Ein Beratungsvertrag kommt mit dem Besuch der Website nicht \nzustande.<\/span>\n                    <br>\n                    <br>\n                    <span style=\"font-weight: 700;\">Copyright<\/span>\n                    <br>\n                    <br>\n                    <span style=\"font-weight: 400;\">Inhalt und Struktur dieser Websites unterliegen dem Copyright des \nG\u00e4stehaus M\u00e4der und d\u00fcrfen nicht ohne ausdr\u00fcckliche Genehmigung \nweiterverwendet werden.<\/span>\n                    <br>\n                    <br>\n                    <span style=\"font-weight: 700;\">Verweise und Links<\/span>\n                    <br>\n                    <br>\n                    <span style=\"font-weight: 400;\">Bei direkten oder indirekten Verweisen auf fremde Internetseiten \n(\u201cLinks\u201d), die au\u00dferhalb des Verantwortungsbereiches von G\u00e4stehaus M\u00e4der\n liegen, haftet diese nur dann, wenn G\u00e4stehaus M\u00e4der von den Inhalten \nKenntnis hat und es technisch m\u00f6glich und zumutbar gewesen w\u00e4re, die \nNutzung im Falle rechtswidriger Inhalte zu verhindern. G\u00e4stehaus M\u00e4der \nerkl\u00e4rt hiermit ausdr\u00fccklich, dass zum Zeitpunkt der Linksetzung die \nentsprechenden verlinkten Seiten frei von illegalen Inhalten waren.<br>\n                      <br>G\u00e4stehaus M\u00e4der erkl\u00e4rt weiterhin, dass sie keinerlei Einfluss auf die \naktuelle und zuk\u00fcnftige Gestaltung und auf die Inhalte der \ngelinkten\/verkn\u00fcpften Seiten hat. Deshalb distanziert G\u00e4stehaus M\u00e4der \nsich hiermit ausdr\u00fccklich von allen Inhalten aller gelinkten\/verkn\u00fcpften\n Seiten, die nach der Linksetzung ver\u00e4ndert wurden. Diese Feststellung \ngilt f\u00fcr alle innerhalb des eigenen Internetangebotes gesetzten Links \nund Verweise sowie f\u00fcr Fremdeintr\u00e4ge. F\u00fcr illegale, fehlerhafte oder \nunvollst\u00e4ndige Inhalte und insbesondere f\u00fcr Sch\u00e4den, die aus der Nutzung\n oder Nichtnutzung solcherart dargebotener Informationen entstehen, \nhaftet allein der Anbieter der Seite auf welche verwiesen wurde, nicht \nderjenige, der \u00fcber Links auf die jeweilige Ver\u00f6ffentlichung lediglich \nverweist. \n                    <\/span>\n                    <br>\n                    <br>\n                    <span style=\"font-weight: 700;\">Datenschutzerkl\u00e4rung Allgemeines<\/span>\n                    <br>\n                    <br>\n                    <span style=\"font-weight: 400;\">G\u00e4stehaus M\u00e4der nimmt den Schutz Ihrer Daten und die dem Schutz Ihrer \nDaten dienen den gesetzlichen Verpflichtungen sehr ernst. G\u00e4stehaus \nM\u00e4der behandelt Ihre Daten vertraulich. Damit Sie wissen, welche Daten \n\u00fcber Sie gespeichert und wie diese Daten verwendet werden, erhalten Sie \nnachstehende Informationen:<\/span>\n                    <br>\n                    <br>\n                    <span style=\"font-weight: 700;\">Personenbezogene Daten<\/span>\n                    <br>\n                    <br>\n                    <span style=\"font-weight: 400;\">F\u00fcr die Bearbeitung und Verwaltung Ihrer Nutzung unseres Angebotes \n(Formularangebot unter \u201cKontakt\u201d) ist es notwendig, dass einige Ihrer \n(Nutzer-)Daten, wie Name, E-Mail-Adresse, Adresse usw. von hier erhoben \nund gespeichert werden. Diese Daten werden von G\u00e4stehaus M\u00e4der streng \nvertraulich behandelt, k\u00f6nnen von Dritten nicht eingesehen werden und \nwerden nur intern genutzt. Ohne Ihre ausdr\u00fcckliche Einwilligung geben \nwir keine pers\u00f6nlichen Daten weiter, es sei denn, dass wir rechtlich \ndazu verpflichtet sind. Der Nutzer kann die Nutzung des&nbsp;G\u00e4stehaus M\u00e4der \njederzeit beenden.<br>\n                      <br>Die angefallenen personenbezogenen Daten werden auf Wunsch bei \nBeendigung der Nutzung sofort gel\u00f6scht. Zudem kann der Nutzer jederzeit \nverlangen, dass&nbsp;G\u00e4stehaus M\u00e4der seine personenbezogenen Daten l\u00f6scht \noder sperrt bzw. seinen Account l\u00f6scht oder deaktiviert. \n                    <\/span>\n                    <br>\n                    <br>\n                    <span style=\"font-weight: 700;\">Automatische Datenverarbeitung auf dieser Internetseite<\/span>\n                    <br>\n                    <br>\n                    <span style=\"font-weight: 400;\">Der Internet-Auftritt des&nbsp;G\u00e4stehaus M\u00e4der wird von einem hierauf \nspezialisierten Computer (Server) zur Verf\u00fcgung gehalten, der \nautomatisch bei jedem Aufruf der Internetseite Informationen erhebt und \nin Protokolldateien (Log Files) speichert. Hierbei handelt es sich um \nfolgende Informationen:<br>\n                      <br>* &nbsp;Browsertyp und Browserversion<br> * Verwendetes Betriebssystem<br> * Adresse der zuvor besuchten Internetseite (Referier URL)<br> * Adresse Ihres Computers, mit dem Sie auf diese Internetseite zugreifen (IP-Adresse)<br> * Uhrzeit des Abrufs dieser Internetseite<br>\n                      <br>Diese Informationen werden von Ihrem Browser \u00fcbermittelt, sofern Sie \nIhren Browser mittels eines zus\u00e4tzlichen Programms nicht so eingestellt \nhaben, dass die \u00dcbermittlung dieser Informationen unterdr\u00fcckt wird. Die \nmit diesen Informationen in den Log Files (Protokolldateien) des Servers\n gewonnen Daten sind f\u00fcr trenovis OHG bestimmten Personen nicht \nzuzuordnen. Eine Zusammenf\u00fchrung dieser Daten mit etwaigen anderen \nDatenquellen wird nicht vorgenommen. Die Daten werden nach einer \nstatistischen Auswertung gel\u00f6scht. \n                    <\/span>\n                    <br>\n                    <br>\n                    <span style=\"font-weight: 700;\">Hinweise<\/span>\n                    <br>\n                    <br>\n                    <span style=\"font-weight: 400;\">G\u00e4stehaus M\u00e4der weist darauf hin, dass es bei der \u00dcbermittlung von Daten\n im Internet immer dazu kommen kann, dass Dritte Daten zur Kenntnis \nnehmen oder verf\u00e4lschen.<br>\n                      <br>G\u00e4stehaus M\u00e4der weist ferner darauf hin, dass bei Links zu den \nInternet-Seiten anderer Anbieter sie f\u00fcr die Einhaltung der \ndatenschutzrechtlichen Bestimmungen Dritter nicht verantwortlich sein \nkann.<br>\n                      <br>Die laufende technische Weiterentwicklung im Bereich der IT-Technologie \nund des Internets und st\u00e4ndige Rechtssprechung auf dem Gebiet des \nInternetrechts bedingen u.U. eine Anpassung der bestehenden \nDatenschutzerkl\u00e4rung. InMa GmbH beh\u00e4lt sich daher das Recht vor, \nErg\u00e4nzungen oder \u00c4nderungen an der vorliegenden Datenschutzerkl\u00e4rung \nvorzunehmen.<br> Sofern Sie es von uns verlangen, gew\u00e4hren wir Ihnen Einblick in die \u00fcber\n Sie gespeicherten Daten beziehungsweise l\u00f6schen diese. Wenn Sie diese \nDaten berichtigen, l\u00f6schen oder einsehen wollen oder falls Sie Fragen \nhaben, die Ihnen diese Datenschutzerkl\u00e4rung nicht beantworten konnte \nbzw. wenn Sie zu einem Punkt vertiefte Informationen w\u00fcnschen, gen\u00fcgt \nhierf\u00fcr ein Schreiben an die die im Impressum genannte Adresse. \n                    <\/span>\n                    <br>\n                  <\/p>\n                  <img decoding=\"async\" class=\"u-image u-image-contain u-image-default u-image-1\" src=\"https:\/\/gaestehaus-maeder.com\/wp-content\/uploads\/2023\/08\/schnoerkel.png\" alt=\"\" data-image-width=\"680\" data-image-height=\"80\">\n                <\/div>\n              <\/div>\n            <\/div>\n          <\/div>\n        <\/div>\n      <\/div>\n    <\/section>\n    \n    \n    \n    \n    \n    \n    \n    \n    \n    \n  \n<\/div>","protected":false},"excerpt":{"rendered":"<p>IMPRESSUM G\u00e4stehaus M\u00e4der Ansprechpartner:Anschrift: Mobil: S. SeiderLuisenstrasse 2678073 Bad D\u00fcrrheim+49 (0) 176 10 30 1956 E-Mail Adresse: info at gaestehaus-maeder.com Web: https:\/\/www.gaestehaus-maeder.com Hinweis zu Google Analytics Diese Website benutzt Google Analytics, einen Webanalysedienst der Google Inc. (\u201eGoogle\u201c). Google Analytics verwendet sog. \u201eCookies\u201c, Textdateien, die auf Ihrem Computer gespeichert werden und die eine Analyse der Benutzung&hellip; <a class=\"more-link\" href=\"https:\/\/gaestehaus-maeder.com\/?page_id=22\"><span class=\"screen-reader-text\">Impressum<\/span> weiterlesen<\/a><\/p>\n","protected":false},"author":1,"featured_media":0,"parent":0,"menu_order":3,"comment_status":"closed","ping_status":"closed","template":"","meta":{"footnotes":""},"class_list":["post-22","page","type-page","status-publish","hentry","entry"],"_links":{"self":[{"href":"https:\/\/gaestehaus-maeder.com\/index.php?rest_route=\/wp\/v2\/pages\/22","targetHints":{"allow":["GET"]}}],"collection":[{"href":"https:\/\/gaestehaus-maeder.com\/index.php?rest_route=\/wp\/v2\/pages"}],"about":[{"href":"https:\/\/gaestehaus-maeder.com\/index.php?rest_route=\/wp\/v2\/types\/page"}],"author":[{"embeddable":true,"href":"https:\/\/gaestehaus-maeder.com\/index.php?rest_route=\/wp\/v2\/users\/1"}],"replies":[{"embeddable":true,"href":"https:\/\/gaestehaus-maeder.com\/index.php?rest_route=%2Fwp%2Fv2%2Fcomments&post=22"}],"version-history":[{"count":8,"href":"https:\/\/gaestehaus-maeder.com\/index.php?rest_route=\/wp\/v2\/pages\/22\/revisions"}],"predecessor-version":[{"id":447,"href":"https:\/\/gaestehaus-maeder.com\/index.php?rest_route=\/wp\/v2\/pages\/22\/revisions\/447"}],"wp:attachment":[{"href":"https:\/\/gaestehaus-maeder.com\/index.php?rest_route=%2Fwp%2Fv2%2Fmedia&parent=22"}],"curies":[{"name":"wp","href":"https:\/\/api.w.org\/{rel}","templated":true}]}}