{"id":138,"date":"2024-01-14T15:14:43","date_gmt":"2024-01-14T15:14:43","guid":{"rendered":"https:\/\/gaestehaus-maeder.com\/?page_id=138"},"modified":"2025-12-29T17:49:34","modified_gmt":"2025-12-29T17:49:34","slug":"preise","status":"publish","type":"page","link":"https:\/\/gaestehaus-maeder.com\/?page_id=138","title":{"rendered":"Preise"},"content":{"rendered":"<div class=\"\" style=\"\" >\n    \n    <section class=\"u-clearfix u-palette-3-light-3 u-section-2\" id=\"sec-aeb3\">\n      <div class=\"u-clearfix u-sheet u-sheet-1\">\n        <div class=\"data-layout-selected u-align-left-xs u-clearfix u-expanded-width-lg u-expanded-width-md u-expanded-width-sm u-expanded-width-xs u-layout-wrap u-layout-wrap-1\">\n          <div class=\"u-layout\">\n            <div class=\"u-layout-row\">\n              <div class=\"u-align-left u-container-align-left u-container-style u-layout-cell u-size-21 u-layout-cell-1\">\n                <div class=\"u-container-layout u-container-layout-1\">\n                  <h2 class=\"u-text u-text-default u-text-1\">PREISE<\/h2>\n                  <img decoding=\"async\" src=\"https:\/\/gaestehaus-maeder.com\/wp-content\/uploads\/2023\/08\/schnoerkel.png\" alt=\"\" class=\"u-align-center u-image u-image-default u-image-1\" data-image-width=\"680\" data-image-height=\"80\">\n                  <p class=\"u-text u-text-default u-text-2\"> Hier finden Sie die Preise f\u00fcr unsere Zimmer im G\u00e4stehaus M\u00e4der am Kurpark in Bad D\u00fcrrheim.<br>\n                    <br>Die Kurtaxe wird im Auftrag der Kur- u. B\u00e4der GmbH gesondert berechnet (EUR 3,00 pro Person\/Tag).<br>\n                    <br>Urlaub oder Kur genie\u00dfen in Bad D\u00fcrrheim, dem heilklimatischen Kurort im\n Schwarzwald-Baar-Kreis! In unserem G\u00e4stehaus M\u00e4der am Kurpark k\u00f6nnen \nSie in unterschiedlichen Zimmer-Kategorien Ihren Aufenthalt in Bad \nD\u00fcrrheim verbringen. Die Preise pro \u00dcbernachtung finden Sie rechts. Bei \nFragen rund um unsere Zimmer&nbsp;  gerne!<br>\n                    <br>F\u00fcr Zusatzleistungen gilt folgender Aufpreis: - Zustellbett: 20,- Euro\/ Nacht - Haustier: ab 13,-&nbsp;Euro\/Nacht.<br>\n                  <\/p>\n                <\/div>\n              <\/div>\n              <div class=\"u-align-left u-container-align-left-lg u-container-align-left-xl u-container-style u-layout-cell u-size-39 u-layout-cell-2\">\n                <div class=\"u-container-layout u-valign-bottom-md u-container-layout-2\">\n                  <p class=\"u-align-center-lg u-align-center-xl u-text u-text-3\"> Sehr geehrte G\u00e4ste, planen Sie einen l\u00e4ngeren Aufenthalt in Bad D\u00fcrrheim&nbsp; <br>und suchen eine entsprechende Unterkunft? <br>Dann sind Sie bei uns bestens aufgehoben! <br>Unsere Apartments bieten sich nicht nur f\u00fcr Kurzaufenthalte an, sondern <br>eignen sich ideal f\u00fcr die Vermietung \u00fcber mehrere Wochen oder Monate. <br>Bei R\u00fcckfragen stehen wir Ihnen jederzeit gerne zur Verf\u00fcgung und erstellen Ihnen ein individuelles&nbsp;Angebot.\n                  <\/p>\n                  <p class=\"u-align-center-lg u-align-center-xl u-text u-text-default-xl u-text-4\"> Stornierungen bis 7 Tage vor Anreise sind kostenfrei m\u00f6glich, sp\u00e4tere Stornierungen werden mit 90% des Reisepreises verrechnet.<\/p>\n                  <img decoding=\"async\" class=\"u-align-center u-expanded-width-xs u-image u-image-contain u-image-default u-image-2\" src=\"https:\/\/gaestehaus-maeder.com\/wp-content\/uploads\/2023\/08\/schnoerkel.png\" alt=\"\" data-image-width=\"680\" data-image-height=\"80\">\n                <\/div>\n              <\/div>\n            <\/div>\n          <\/div>\n        <\/div>\n        <div class=\"data-layout-selected u-align-center u-clearfix u-expanded-width-xs u-gutter-10 u-layout-wrap u-layout-wrap-2\">\n          <div class=\"u-gutter-0 u-layout\">\n            <div class=\"u-layout-col\">\n              <div class=\"u-align-center u-container-align-center u-container-style u-custom-color-2 u-layout-cell u-size-30 u-layout-cell-3\">\n                <div class=\"u-border-2 u-border-grey-50 u-container-layout u-container-layout-3\">\n                  <h4 class=\"u-text u-text-5\">Einzelzimmer<\/h4>\n                  <h1 class=\"u-text u-title u-text-6\">55\u20ac<\/h1>\n                  <p class=\"u-text u-text-7\">ab 3 \u200b\u00dcbernachtungen<br>\"Betrag gilt pro Nacht und Zimmer\"\n                  <\/p>\n                <\/div>\n              <\/div>\n              <div class=\"u-align-center u-container-align-center u-container-style u-custom-color-2 u-layout-cell u-size-30 u-layout-cell-4\">\n                <div class=\"u-border-2 u-border-grey-50 u-container-layout u-valign-bottom-xs u-container-layout-4\">\n                  <h4 class=\"u-text u-text-8\"> Doppelzimmer<\/h4>\n                  <h1 class=\"u-align-center u-text u-title u-text-9\">75\u20ac\/85\u20ac<\/h1>\n                  <p class=\"u-align-center u-text u-text-10\">ab 3 \u200b\u00dcbernachtungen<br>\"Betrag gilt pro Nacht und Zimmer\"\n                  <\/p>\n                <\/div>\n              <\/div>\n            <\/div>\n          <\/div>\n        <\/div>\n      <\/div>\n    <\/section>\n    \n    \n    \n    \n    \n    \n    \n    \n    \n  \n<\/div>","protected":false},"excerpt":{"rendered":"<p>PREISE Hier finden Sie die Preise f\u00fcr unsere Zimmer im G\u00e4stehaus M\u00e4der am Kurpark in Bad D\u00fcrrheim. Die Kurtaxe wird im Auftrag der Kur- u. B\u00e4der GmbH gesondert berechnet (EUR 3,00 pro Person\/Tag). Urlaub oder Kur genie\u00dfen in Bad D\u00fcrrheim, dem heilklimatischen Kurort im Schwarzwald-Baar-Kreis! In unserem G\u00e4stehaus M\u00e4der am Kurpark k\u00f6nnen Sie in unterschiedlichen&hellip; <a class=\"more-link\" href=\"https:\/\/gaestehaus-maeder.com\/?page_id=138\"><span class=\"screen-reader-text\">Preise<\/span> weiterlesen<\/a><\/p>\n","protected":false},"author":2,"featured_media":0,"parent":0,"menu_order":8,"comment_status":"closed","ping_status":"closed","template":"","meta":{"footnotes":""},"class_list":["post-138","page","type-page","status-publish","hentry","entry"],"_links":{"self":[{"href":"https:\/\/gaestehaus-maeder.com\/index.php?rest_route=\/wp\/v2\/pages\/138","targetHints":{"allow":["GET"]}}],"collection":[{"href":"https:\/\/gaestehaus-maeder.com\/index.php?rest_route=\/wp\/v2\/pages"}],"about":[{"href":"https:\/\/gaestehaus-maeder.com\/index.php?rest_route=\/wp\/v2\/types\/page"}],"author":[{"embeddable":true,"href":"https:\/\/gaestehaus-maeder.com\/index.php?rest_route=\/wp\/v2\/users\/2"}],"replies":[{"embeddable":true,"href":"https:\/\/gaestehaus-maeder.com\/index.php?rest_route=%2Fwp%2Fv2%2Fcomments&post=138"}],"version-history":[{"count":25,"href":"https:\/\/gaestehaus-maeder.com\/index.php?rest_route=\/wp\/v2\/pages\/138\/revisions"}],"predecessor-version":[{"id":437,"href":"https:\/\/gaestehaus-maeder.com\/index.php?rest_route=\/wp\/v2\/pages\/138\/revisions\/437"}],"wp:attachment":[{"href":"https:\/\/gaestehaus-maeder.com\/index.php?rest_route=%2Fwp%2Fv2%2Fmedia&parent=138"}],"curies":[{"name":"wp","href":"https:\/\/api.w.org\/{rel}","templated":true}]}}